{"id":7252,"date":"2022-07-10T13:05:33","date_gmt":"2022-07-10T13:05:33","guid":{"rendered":"https:\/\/kiangroup.ir\/?page_id=7252"},"modified":"2023-07-09T10:48:12","modified_gmt":"2023-07-09T10:48:12","slug":"les-produits-mentaux","status":"publish","type":"page","link":"https:\/\/kiangroup.ir\/fr\/les-produits-mentaux\/","title":{"rendered":"Les produits mentaux"},"content":{"rendered":"\t\t<div data-elementor-type=\"wp-page\" data-elementor-id=\"7252\" class=\"elementor elementor-7252\">\n\t\t\t\t\t\t<div class=\"elementor-inner\">\n\t\t\t\t<div class=\"elementor-section-wrap\">\n\t\t\t\t\t\t\t        <section class=\"elementor-section elementor-top-section elementor-element elementor-element-569902b elementor-section-stretched elementor-section-boxed elementor-section-height-default elementor-section-height-default ct-header-fixed-none ct-row-max-none\" data-id=\"569902b\" data-element_type=\"section\" data-settings=\"{&quot;stretch_section&quot;:&quot;section-stretched&quot;}\">\n            \n                        <div class=\"elementor-container elementor-column-gap-default \">\n                            <div class=\"elementor-row\">\n                    <div class=\"elementor-column elementor-col-100 elementor-top-column elementor-element elementor-element-71fd35b\" data-id=\"71fd35b\" data-element_type=\"column\">\n            <div class=\"elementor-column-wrap elementor-element-populated\">\n                            <div class=\"elementor-widget-wrap\">\n                \t\t<div class=\"elementor-element elementor-element-0170829 elementor-widget elementor-widget-slider_revolution\" data-id=\"0170829\" data-element_type=\"widget\" data-widget_type=\"slider_revolution.default\">\n\t\t\t\t<div class=\"elementor-widget-container\">\n\t\t\t\n\t\t<div class=\"wp-block-themepunch-revslider\">\n\t\t\t<!-- START ravan en REVOLUTION SLIDER 6.5.21 --><p class=\"rs-p-wp-fix\"><\/p>\n\t\t\t<rs-module-wrap id=\"rev_slider_18_1_wrapper\" data-source=\"gallery\" style=\"visibility:hidden;background:transparent;padding:0;margin:0px auto;margin-top:0;margin-bottom:0;\">\n\t\t\t\t<rs-module id=\"rev_slider_18_1\" style=\"\" data-version=\"6.5.21\">\n\t\t\t\t\t<rs-slides>\n\t\t\t\t\t\t<rs-slide style=\"position: absolute;\" data-key=\"rs-22\" data-title=\"Slide\" data-in=\"o:0;\" data-out=\"a:false;\" data-rsparticles='{\"enable\":true,\"hideOnMobile\":true,\"particles\":{\"number\":30,\"size\":1,\"sizeMin\":30,\"random\":false},\"styles\":{\"lines\":{\"enable\":true,\"opacity\":40},\"particle\":{\"opacity\":50,\"opacityMin\":25,\"opacityRandom\":true}},\"movement\":{\"speed\":2,\"speedMin\":3},\"interactivity\":{\"hoverMode\":\"grab\"}}'>\n\t\t\t\t\t\t\t<img decoding=\"async\" src=\"\/\/kiangroup.ir\/fr\/wp-content\/plugins\/revslider\/public\/assets\/assets\/dummy.png\" alt=\"Slide\" title=\"Les produits mentaux\" class=\"rev-slidebg tp-rs-img rs-lazyload\" data-lazyload=\"\/\/kiangroup.ir\/fr\/wp-content\/plugins\/revslider\/public\/assets\/assets\/transparent.png\" data-no-retina>\n<!--\n\t\t\t\t\t\t\t--><rs-layer\n\t\t\t\t\t\t\t\tid=\"slider-18-slide-22-layer-0\" \n\t\t\t\t\t\t\t\tdata-type=\"image\"\n\t\t\t\t\t\t\t\tdata-rsp_ch=\"on\"\n\t\t\t\t\t\t\t\tdata-xy=\"x:283px;y:189px;\"\n\t\t\t\t\t\t\t\tdata-text=\"w:normal;\"\n\t\t\t\t\t\t\t\tdata-dim=\"w:208px;h:199px;\"\n\t\t\t\t\t\t\t\tdata-frame_0=\"sX:0.9;sY:0.9;\"\n\t\t\t\t\t\t\t\tdata-frame_1=\"e:power2.inOut;sp:1000;\"\n\t\t\t\t\t\t\t\tdata-frame_999=\"o:0;st:w;\"\n\t\t\t\t\t\t\t\tstyle=\"z-index:9;\"\n\t\t\t\t\t\t\t><img decoding=\"async\" src=\"\/\/kiangroup.ir\/fr\/wp-content\/plugins\/revslider\/public\/assets\/assets\/dummy.png\" alt=\"\" class=\"tp-rs-img rs-lazyload\" width=\"685\" height=\"656\" data-lazyload=\"\/\/kiangroup.ir\/wp-content\/uploads\/2022\/08\/\u0645\u062d\u0635\u0648\u0644\u0627\u062a-\u0631\u0648\u0627\u06462.png\" data-no-retina> \n\t\t\t\t\t\t\t<\/rs-layer><!--\n\n\t\t\t\t\t\t\t--><rs-layer\n\t\t\t\t\t\t\t\tid=\"slider-18-slide-22-layer-2\" \n\t\t\t\t\t\t\t\tdata-type=\"image\"\n\t\t\t\t\t\t\t\tdata-rsp_ch=\"on\"\n\t\t\t\t\t\t\t\tdata-xy=\"x:152px;y:39px;\"\n\t\t\t\t\t\t\t\tdata-text=\"w:normal;\"\n\t\t\t\t\t\t\t\tdata-dim=\"w:250px;h:343px;\"\n\t\t\t\t\t\t\t\tdata-frame_0=\"sX:0.9;sY:0.9;\"\n\t\t\t\t\t\t\t\tdata-frame_1=\"sp:1000;\"\n\t\t\t\t\t\t\t\tdata-frame_999=\"o:0;st:w;\"\n\t\t\t\t\t\t\t\tstyle=\"z-index:8;\"\n\t\t\t\t\t\t\t><img decoding=\"async\" src=\"\/\/kiangroup.ir\/fr\/wp-content\/plugins\/revslider\/public\/assets\/assets\/dummy.png\" alt=\"\" class=\"tp-rs-img rs-lazyload\" width=\"685\" height=\"941\" data-lazyload=\"\/\/kiangroup.ir\/wp-content\/uploads\/2022\/08\/\u0645\u062d\u0635\u0648\u0644\u0627\u062a-\u0631\u0648\u0627\u0646.png\" data-no-retina> \n\t\t\t\t\t\t\t<\/rs-layer><!--\n\n\t\t\t\t\t\t\t--><rs-layer\n\t\t\t\t\t\t\t\tid=\"slider-18-slide-22-layer-3\" \n\t\t\t\t\t\t\t\tdata-type=\"image\"\n\t\t\t\t\t\t\t\tdata-rsp_ch=\"on\"\n\t\t\t\t\t\t\t\tdata-xy=\"x:491px;y:106px;\"\n\t\t\t\t\t\t\t\tdata-text=\"w:normal;\"\n\t\t\t\t\t\t\t\tdata-dim=\"w:664px;h:158px;\"\n\t\t\t\t\t\t\t\tdata-frame_0=\"x:right;\"\n\t\t\t\t\t\t\t\tdata-frame_1=\"sp:1000;\"\n\t\t\t\t\t\t\t\tdata-frame_999=\"o:0;st:w;\"\n\t\t\t\t\t\t\t\tstyle=\"z-index:10;\"\n\t\t\t\t\t\t\t><img decoding=\"async\" src=\"\/\/kiangroup.ir\/fr\/wp-content\/plugins\/revslider\/public\/assets\/assets\/dummy.png\" alt=\"\" class=\"tp-rs-img rs-lazyload\" width=\"708\" height=\"168\" data-lazyload=\"\/\/kiangroup.ir\/en\/wp-content\/uploads\/2022\/10\/\u0645\u062d\u0635\u0648\u0644\u0627\u062a-\u0631\u0648\u0627\u06461.png\" data-no-retina> \n\t\t\t\t\t\t\t<\/rs-layer><!--\n-->\t\t\t\t\t\t<\/rs-slide>\n\t\t\t\t\t<\/rs-slides>\n\t\t\t\t<\/rs-module>\n\t\t\t\t<script>\n\t\t\t\t\tsetREVStartSize({c: 'rev_slider_18_1',rl:[1240,1024,778,480],el:[400],gw:[1240],gh:[400],type:'standard',justify:'',layout:'fullwidth',mh:\"0\"});if (window.RS_MODULES!==undefined && window.RS_MODULES.modules!==undefined && window.RS_MODULES.modules[\"revslider181\"]!==undefined) {window.RS_MODULES.modules[\"revslider181\"].once = false;window.revapi18 = undefined;if (window.RS_MODULES.checkMinimal!==undefined) window.RS_MODULES.checkMinimal()}\n\t\t\t\t<\/script>\n\t\t\t<\/rs-module-wrap>\n\t\t\t<!-- END REVOLUTION SLIDER -->\n<\/div>\n\n\t\t\t\t<\/div>\n\t\t\t\t<\/div>\n\t\t                <\/div>\n                    <\/div>\n        <\/div>\n                                <\/div>\n                    <\/div>\n        <\/section>\n                <section class=\"elementor-section elementor-top-section elementor-element elementor-element-41b62b34 elementor-section-stretched elementor-section-boxed elementor-section-height-default elementor-section-height-default ct-header-fixed-none ct-row-max-none\" data-id=\"41b62b34\" data-element_type=\"section\" data-settings=\"{&quot;stretch_section&quot;:&quot;section-stretched&quot;,&quot;background_background&quot;:&quot;classic&quot;}\">\n            \n                        <div class=\"elementor-container elementor-column-gap-extended \">\n                            <div class=\"elementor-row\">\n                    <div class=\"elementor-column elementor-col-100 elementor-top-column elementor-element elementor-element-5a7cd766\" data-id=\"5a7cd766\" data-element_type=\"column\">\n            <div class=\"elementor-column-wrap elementor-element-populated\">\n                            <div class=\"elementor-widget-wrap\">\n                        <section class=\"elementor-section elementor-inner-section elementor-element elementor-element-353bac17 elementor-section-content-middle elementor-section-boxed elementor-section-height-default elementor-section-height-default ct-header-fixed-none ct-row-max-none\" data-id=\"353bac17\" data-element_type=\"section\">\n            \n                        <div class=\"elementor-container elementor-column-gap-extended \">\n                            <div class=\"elementor-row\">\n                    <div class=\"elementor-column elementor-col-100 elementor-inner-column elementor-element elementor-element-30b6a483\" data-id=\"30b6a483\" data-element_type=\"column\">\n            <div class=\"elementor-column-wrap elementor-element-populated\">\n                            <div class=\"elementor-widget-wrap\">\n                \t\t<div class=\"elementor-element elementor-element-4b0ce0b elementor-widget elementor-widget-heading\" data-id=\"4b0ce0b\" data-element_type=\"widget\" data-widget_type=\"heading.default\">\n\t\t\t\t<div class=\"elementor-widget-container\">\n\t\t\t<h5 class=\"elementor-heading-title elementor-size-default\">Les produits mentaux<\/h5>\t\t<\/div>\n\t\t\t\t<\/div>\n\t\t\t\t<div class=\"elementor-element elementor-element-4004d89 elementor-widget elementor-widget-text-editor\" data-id=\"4004d89\" data-element_type=\"widget\" data-widget_type=\"text-editor.default\">\n\t\t\t\t<div class=\"elementor-widget-container\">\n\t\t\t\t\t\t\t\t<div class=\"elementor-text-editor elementor-clearfix\">\n\t\t\t\t<p>La m\u00e9decine traditionnelle est une science orientale avec des ant\u00e9c\u00e9dents en Iran. Avicenne est le ma\u00eetre incontestable de ce domaine. Dans le domaine de la m\u00e9decine, on prescrit des m\u00e9dicaments pour les maladies, alors que dans la m\u00e9decine traditionnelle, les plats sont prescrits pour les malades en tant que m\u00e9dicament. Il faut savoir que le m\u00e9dicament n\u2019est pas diff\u00e9rent du plat. Tous les deux doivent \u00eatre identiques. Tout ce que nous mangeons, a des effets m\u00e9dicinaux. Selon la m\u00e9decine traditionnelle, ce qui mod\u00e8re la nature humaine est \u00e0 manger et \u00e0 boire et c\u2019est le cas des tisanes de Kian. <br \/>R\u00e9cemment dans le monde, le r\u00e9gime pour la sant\u00e9 a remplac\u00e9 celui pour la beaut\u00e9.<\/p><p>En fait, les tisanes sont utilis\u00e9es depuis des centaines d\u2019ann\u00e9es comme m\u00e9dicament naturel pour traiter de nombreuses maladies.<\/p><p>Il est int\u00e9ressant de savoir que la science moderne a confirm\u00e9 certaines utilisations des tisanes au pass\u00e9, en plus, elle a trouv\u00e9 de nouveaux effets th\u00e9rapeutiques dans ces tisanes.<\/p><p>Le Groupe Kian, dans la voie de sa mission, a bas\u00e9 ses recherches sur l\u2019Homme et afin d\u2019accomplir sa mission, a d\u00e9pass\u00e9 le cadre d\u2019un groupe purement industriel et a offert la paix au sein de ses tisanes apr\u00e8s des recherches scientifiques. <br \/>Ces tisanes vous apportent la paix avec son go\u00fbt agr\u00e9able et doux.<\/p><p>En buvant une seule tasse de tisane GK, vous pouvez isoler votre esprit des pens\u00e9es n\u00e9gatives et d\u00e9rangeantes et recevoir la paix que le Groupe Kian est heureux de vous apporter. <\/p>\t\t\t\t\t<\/div>\n\t\t\t\t\t\t<\/div>\n\t\t\t\t<\/div>\n\t\t                <\/div>\n                    <\/div>\n        <\/div>\n                                <\/div>\n                    <\/div>\n        <\/section>\n                        <\/div>\n                    <\/div>\n        <\/div>\n                                <\/div>\n                    <\/div>\n        <\/section>\n        \t\t\t\t\t\t\t<\/div>\n\t\t\t<\/div>\n\t\t\t\t\t<\/div>\n\t\t","protected":false},"excerpt":{"rendered":"<p>Les produits mentaux La m\u00e9decine traditionnelle est une science orientale avec des ant\u00e9c\u00e9dents en Iran. Avicenne est le ma\u00eetre incontestable de ce domaine. Dans le domaine de la m\u00e9decine, on prescrit des m\u00e9dicaments pour les maladies, alors que dans la m\u00e9decine traditionnelle, les plats sont prescrits pour les malades en tant que m\u00e9dicament. Il faut [&hellip;]<\/p>\n","protected":false},"author":3,"featured_media":0,"parent":0,"menu_order":0,"comment_status":"closed","ping_status":"closed","template":"","meta":{"inline_featured_image":false},"_links":{"self":[{"href":"https:\/\/kiangroup.ir\/fr\/wp-json\/wp\/v2\/pages\/7252"}],"collection":[{"href":"https:\/\/kiangroup.ir\/fr\/wp-json\/wp\/v2\/pages"}],"about":[{"href":"https:\/\/kiangroup.ir\/fr\/wp-json\/wp\/v2\/types\/page"}],"author":[{"embeddable":true,"href":"https:\/\/kiangroup.ir\/fr\/wp-json\/wp\/v2\/users\/3"}],"replies":[{"embeddable":true,"href":"https:\/\/kiangroup.ir\/fr\/wp-json\/wp\/v2\/comments?post=7252"}],"version-history":[{"count":128,"href":"https:\/\/kiangroup.ir\/fr\/wp-json\/wp\/v2\/pages\/7252\/revisions"}],"predecessor-version":[{"id":10617,"href":"https:\/\/kiangroup.ir\/fr\/wp-json\/wp\/v2\/pages\/7252\/revisions\/10617"}],"wp:attachment":[{"href":"https:\/\/kiangroup.ir\/fr\/wp-json\/wp\/v2\/media?parent=7252"}],"curies":[{"name":"wp","href":"https:\/\/api.w.org\/{rel}","templated":true}]}}